{"id":5689,"date":"2021-11-16T16:53:02","date_gmt":"2021-11-16T16:53:02","guid":{"rendered":"https:\/\/www.fundo.be\/bouillon-a-boire\/bouillon-de-poulet-pret-a-boire\/"},"modified":"2021-12-24T11:14:26","modified_gmt":"2021-12-24T11:14:26","slug":"bouillon-de-poulet-pret-a-boire","status":"publish","type":"page","link":"https:\/\/www.fundo.be\/fr\/bouillon-a-boire\/bouillon-de-poulet-pret-a-boire\/","title":{"rendered":"Bouillon de poulet pr\u00eat \u00e0 boire"},"content":{"rendered":"\t\t<div data-elementor-type=\"wp-page\" data-elementor-id=\"5689\" class=\"elementor elementor-5689 elementor-1081\" data-elementor-post-type=\"page\">\n\t\t\t\t\t\t<section class=\"elementor-section elementor-top-section elementor-element elementor-element-cae32c1 elementor-section-height-min-height elementor-section-boxed elementor-section-height-default elementor-section-items-middle\" data-id=\"cae32c1\" data-element_type=\"section\" data-e-type=\"section\" data-settings=\"{&quot;background_background&quot;:&quot;classic&quot;,&quot;jet_parallax_layout_list&quot;:[{&quot;jet_parallax_layout_image&quot;:{&quot;url&quot;:&quot;&quot;,&quot;id&quot;:&quot;&quot;,&quot;size&quot;:&quot;&quot;},&quot;_id&quot;:&quot;78f4cca&quot;,&quot;jet_parallax_layout_image_tablet&quot;:{&quot;url&quot;:&quot;&quot;,&quot;id&quot;:&quot;&quot;,&quot;size&quot;:&quot;&quot;},&quot;jet_parallax_layout_image_mobile&quot;:{&quot;url&quot;:&quot;&quot;,&quot;id&quot;:&quot;&quot;,&quot;size&quot;:&quot;&quot;},&quot;jet_parallax_layout_speed&quot;:{&quot;unit&quot;:&quot;%&quot;,&quot;size&quot;:50,&quot;sizes&quot;:[]},&quot;jet_parallax_layout_type&quot;:&quot;scroll&quot;,&quot;jet_parallax_layout_direction&quot;:null,&quot;jet_parallax_layout_fx_direction&quot;:null,&quot;jet_parallax_layout_z_index&quot;:&quot;&quot;,&quot;jet_parallax_layout_bg_x&quot;:50,&quot;jet_parallax_layout_bg_x_tablet&quot;:&quot;&quot;,&quot;jet_parallax_layout_bg_x_mobile&quot;:&quot;&quot;,&quot;jet_parallax_layout_bg_y&quot;:50,&quot;jet_parallax_layout_bg_y_tablet&quot;:&quot;&quot;,&quot;jet_parallax_layout_bg_y_mobile&quot;:&quot;&quot;,&quot;jet_parallax_layout_bg_size&quot;:&quot;auto&quot;,&quot;jet_parallax_layout_bg_size_tablet&quot;:&quot;&quot;,&quot;jet_parallax_layout_bg_size_mobile&quot;:&quot;&quot;,&quot;jet_parallax_layout_animation_prop&quot;:&quot;transform&quot;,&quot;jet_parallax_layout_on&quot;:[&quot;desktop&quot;,&quot;tablet&quot;]}]}\">\n\t\t\t\t\t\t<div class=\"elementor-container elementor-column-gap-no\">\n\t\t\t\t\t<div class=\"elementor-column elementor-col-100 elementor-top-column elementor-element elementor-element-036974a\" data-id=\"036974a\" data-element_type=\"column\" data-e-type=\"column\">\n\t\t\t<div class=\"elementor-widget-wrap elementor-element-populated\">\n\t\t\t\t\t\t\t<\/div>\n\t\t<\/div>\n\t\t\t\t\t<\/div>\n\t\t<\/section>\n\t\t\t\t<section class=\"elementor-section elementor-top-section elementor-element elementor-element-d2c1e74 elementor-section-boxed elementor-section-height-default elementor-section-height-default\" data-id=\"d2c1e74\" data-element_type=\"section\" data-e-type=\"section\" data-settings=\"{&quot;background_background&quot;:&quot;classic&quot;,&quot;jet_parallax_layout_list&quot;:[{&quot;jet_parallax_layout_image&quot;:{&quot;url&quot;:&quot;&quot;,&quot;id&quot;:&quot;&quot;,&quot;size&quot;:&quot;&quot;},&quot;_id&quot;:&quot;5dbdd92&quot;,&quot;jet_parallax_layout_image_tablet&quot;:{&quot;url&quot;:&quot;&quot;,&quot;id&quot;:&quot;&quot;,&quot;size&quot;:&quot;&quot;},&quot;jet_parallax_layout_image_mobile&quot;:{&quot;url&quot;:&quot;&quot;,&quot;id&quot;:&quot;&quot;,&quot;size&quot;:&quot;&quot;},&quot;jet_parallax_layout_speed&quot;:{&quot;unit&quot;:&quot;%&quot;,&quot;size&quot;:50,&quot;sizes&quot;:[]},&quot;jet_parallax_layout_type&quot;:&quot;scroll&quot;,&quot;jet_parallax_layout_direction&quot;:null,&quot;jet_parallax_layout_fx_direction&quot;:null,&quot;jet_parallax_layout_z_index&quot;:&quot;&quot;,&quot;jet_parallax_layout_bg_x&quot;:50,&quot;jet_parallax_layout_bg_x_tablet&quot;:&quot;&quot;,&quot;jet_parallax_layout_bg_x_mobile&quot;:&quot;&quot;,&quot;jet_parallax_layout_bg_y&quot;:50,&quot;jet_parallax_layout_bg_y_tablet&quot;:&quot;&quot;,&quot;jet_parallax_layout_bg_y_mobile&quot;:&quot;&quot;,&quot;jet_parallax_layout_bg_size&quot;:&quot;auto&quot;,&quot;jet_parallax_layout_bg_size_tablet&quot;:&quot;&quot;,&quot;jet_parallax_layout_bg_size_mobile&quot;:&quot;&quot;,&quot;jet_parallax_layout_animation_prop&quot;:&quot;transform&quot;,&quot;jet_parallax_layout_on&quot;:[&quot;desktop&quot;,&quot;tablet&quot;]}]}\">\n\t\t\t\t\t\t<div class=\"elementor-container elementor-column-gap-wide\">\n\t\t\t\t\t<div class=\"elementor-column elementor-col-50 elementor-top-column elementor-element elementor-element-8c79e1f\" data-id=\"8c79e1f\" data-element_type=\"column\" data-e-type=\"column\">\n\t\t\t<div class=\"elementor-widget-wrap elementor-element-populated\">\n\t\t\t\t\t\t<div class=\"elementor-element elementor-element-871c2b4 elementor-widget elementor-widget-image\" data-id=\"871c2b4\" data-element_type=\"widget\" data-e-type=\"widget\" data-widget_type=\"image.default\">\n\t\t\t\t<div class=\"elementor-widget-container\">\n\t\t\t\t\t\t\t\t\t\t\t\t\t\t\t<img fetchpriority=\"high\" decoding=\"async\" width=\"512\" height=\"1024\" src=\"https:\/\/www.fundo.be\/wp-content\/uploads\/2021\/09\/5430000423120_C1N1-512x1024.png\" class=\"attachment-large size-large wp-image-188\" alt=\"Fundo Ready-to-drink - Poulet\" srcset=\"https:\/\/www.fundo.be\/wp-content\/uploads\/2021\/09\/5430000423120_C1N1-512x1024.png 512w, https:\/\/www.fundo.be\/wp-content\/uploads\/2021\/09\/5430000423120_C1N1-150x300.png 150w, https:\/\/www.fundo.be\/wp-content\/uploads\/2021\/09\/5430000423120_C1N1.png 750w\" sizes=\"(max-width: 512px) 100vw, 512px\" \/>\t\t\t\t\t\t\t\t\t\t\t\t\t\t\t<\/div>\n\t\t\t\t<\/div>\n\t\t\t\t<div class=\"elementor-element elementor-element-6013d38 elementor-widget elementor-widget-image\" data-id=\"6013d38\" data-element_type=\"widget\" data-e-type=\"widget\" data-widget_type=\"image.default\">\n\t\t\t\t<div class=\"elementor-widget-container\">\n\t\t\t\t\t\t\t\t\t\t\t\t\t\t\t<img decoding=\"async\" width=\"300\" height=\"170\" src=\"https:\/\/www.fundo.be\/wp-content\/uploads\/2021\/09\/NUTRI-SCORE_A-300x170.png\" class=\"attachment-medium size-medium wp-image-373\" alt=\"NUTRI-SCORE_A\" srcset=\"https:\/\/www.fundo.be\/wp-content\/uploads\/2021\/09\/NUTRI-SCORE_A-300x170.png 300w, https:\/\/www.fundo.be\/wp-content\/uploads\/2021\/09\/NUTRI-SCORE_A.png 484w\" sizes=\"(max-width: 300px) 100vw, 300px\" \/>\t\t\t\t\t\t\t\t\t\t\t\t\t\t\t<\/div>\n\t\t\t\t<\/div>\n\t\t\t\t\t<\/div>\n\t\t<\/div>\n\t\t\t\t<div class=\"elementor-column elementor-col-50 elementor-top-column elementor-element elementor-element-de809fe\" data-id=\"de809fe\" data-element_type=\"column\" data-e-type=\"column\" data-settings=\"{&quot;background_background&quot;:&quot;classic&quot;}\">\n\t\t\t<div class=\"elementor-widget-wrap elementor-element-populated\">\n\t\t\t\t\t\t<div class=\"elementor-element elementor-element-561d8a4 elementor-widget elementor-widget-breadcrumbs\" data-id=\"561d8a4\" data-element_type=\"widget\" data-e-type=\"widget\" data-widget_type=\"breadcrumbs.default\">\n\t\t\t\t<div class=\"elementor-widget-container\">\n\t\t\t\t\t<p id=\"breadcrumbs\"><span><span><a href=\"https:\/\/www.fundo.be\/fr\/\">Home<\/a><\/span><\/span><\/p>\t\t\t\t<\/div>\n\t\t\t\t<\/div>\n\t\t\t\t<div class=\"elementor-element elementor-element-4870e6f elementor-widget elementor-widget-wp-widget-text\" data-id=\"4870e6f\" data-element_type=\"widget\" data-e-type=\"widget\" data-widget_type=\"wp-widget-text.default\">\n\t\t\t\t<div class=\"elementor-widget-container\">\n\t\t\t\t\t\t\t\t<div class=\"textwidget\"><h3>Bouillon pr\u00eat \u00e0 boire Fundo\u00a0: r\u00e9chauffer et assaisonner selon le go\u00fbt.<\/h3>\n<p><strong>Lentement tir\u00e9, pendant au moins 48 heures, \u00e0 partir d\u2019ingr\u00e9dients 100 % naturels. Sans additifs. Sans gluten. Faible en calories et en sel<\/strong><\/p>\n<\/div>\n\t\t\t\t\t\t<\/div>\n\t\t\t\t<\/div>\n\t\t\t\t<div class=\"elementor-element elementor-element-43e4c96 elementor-widget elementor-widget-wp-widget-text\" data-id=\"43e4c96\" data-element_type=\"widget\" data-e-type=\"widget\" data-widget_type=\"wp-widget-text.default\">\n\t\t\t\t<div class=\"elementor-widget-container\">\n\t\t\t\t\t\t\t\t<div class=\"textwidget\"><p>Bien secouer avant utilisation. Peut \u00eatre conserv\u00e9 trois jours au r\u00e9frig\u00e9rateur apr\u00e8s ouverture. \u00c0 conserver de pr\u00e9f\u00e9rence avant\u00a0: voir le couvercle.<\/p>\n<\/div>\n\t\t\t\t\t\t<\/div>\n\t\t\t\t<\/div>\n\t\t\t\t<div class=\"elementor-element elementor-element-fce5beb elementor-widget elementor-widget-wp-widget-text\" data-id=\"fce5beb\" data-element_type=\"widget\" data-e-type=\"widget\" data-widget_type=\"wp-widget-text.default\">\n\t\t\t\t<div class=\"elementor-widget-container\">\n\t\t\t\t\t<h5>INGR\u00c9DIENTS<\/h5>\t\t\t<div class=\"textwidget\"><p>Eau, os de poulet avec viande, carotte, oignons, c\u00e9leri, poireau, \u00e9pices, sel.<\/p>\n<\/div>\n\t\t\t\t\t\t<\/div>\n\t\t\t\t<\/div>\n\t\t\t\t<div class=\"elementor-element elementor-element-18a4f05 elementor-widget elementor-widget-wp-widget-text\" data-id=\"18a4f05\" data-element_type=\"widget\" data-e-type=\"widget\" data-widget_type=\"wp-widget-text.default\">\n\t\t\t\t<div class=\"elementor-widget-container\">\n\t\t\t\t\t<h5>ALLERG\u00c8NES<\/h5>\t\t\t<div class=\"textwidget\"><p><strong>Contient\u00a0:<\/strong> C\u00e9leri &#8211; sans gluten<\/p>\n<\/div>\n\t\t\t\t\t\t<\/div>\n\t\t\t\t<\/div>\n\t\t\t\t<div class=\"elementor-element elementor-element-635a044 elementor-widget elementor-widget-wp-widget-text\" data-id=\"635a044\" data-element_type=\"widget\" data-e-type=\"widget\" data-widget_type=\"wp-widget-text.default\">\n\t\t\t\t<div class=\"elementor-widget-container\">\n\t\t\t\t\t<h5>VALEURS NUTRITIONNELLES (par 100\u00a0g)<\/h5>\t\t\t<div class=\"textwidget\"><ul>\n<li>\u00c9nergie\u00a0: 39\u00a0kJ \/ 9\u00a0kcal<\/li>\n<li>Graisses : &lt;0,1 g<br \/>\ndont satur\u00e9es\u00a0: &lt;0,1\u00a0g<\/li>\n<li>Glucides : &lt;0,5 g<br \/>\ndont sucres\u00a0: 0,2\u00a0g<\/li>\n<li>Prot\u00e9ines\u00a0: 2,1\u00a0g<\/li>\n<li>Sel\u00a0: 0,45\u00a0g<\/li>\n<li style=\"list-style-type: none\"><\/li>\n<\/ul>\n<ul>\n<li style=\"list-style-type: none\"><\/li>\n<\/ul>\n<ul>\n<li style=\"list-style-type: none\"><\/li>\n<\/ul>\n<ul>\n<li style=\"list-style-type: none\"><\/li>\n<\/ul>\n<\/div>\n\t\t\t\t\t\t<\/div>\n\t\t\t\t<\/div>\n\t\t\t\t\t<\/div>\n\t\t<\/div>\n\t\t\t\t\t<\/div>\n\t\t<\/section>\n\t\t\t\t<section class=\"elementor-section elementor-top-section elementor-element elementor-element-6eeb6d9 elementor-section-boxed elementor-section-height-default elementor-section-height-default\" data-id=\"6eeb6d9\" data-element_type=\"section\" data-e-type=\"section\" data-settings=\"{&quot;background_background&quot;:&quot;classic&quot;,&quot;jet_parallax_layout_list&quot;:[{&quot;jet_parallax_layout_image&quot;:{&quot;url&quot;:&quot;&quot;,&quot;id&quot;:&quot;&quot;,&quot;size&quot;:&quot;&quot;},&quot;_id&quot;:&quot;158222c&quot;,&quot;jet_parallax_layout_image_tablet&quot;:{&quot;url&quot;:&quot;&quot;,&quot;id&quot;:&quot;&quot;,&quot;size&quot;:&quot;&quot;},&quot;jet_parallax_layout_image_mobile&quot;:{&quot;url&quot;:&quot;&quot;,&quot;id&quot;:&quot;&quot;,&quot;size&quot;:&quot;&quot;},&quot;jet_parallax_layout_speed&quot;:{&quot;unit&quot;:&quot;%&quot;,&quot;size&quot;:50,&quot;sizes&quot;:[]},&quot;jet_parallax_layout_type&quot;:&quot;scroll&quot;,&quot;jet_parallax_layout_direction&quot;:null,&quot;jet_parallax_layout_fx_direction&quot;:null,&quot;jet_parallax_layout_z_index&quot;:&quot;&quot;,&quot;jet_parallax_layout_bg_x&quot;:50,&quot;jet_parallax_layout_bg_x_tablet&quot;:&quot;&quot;,&quot;jet_parallax_layout_bg_x_mobile&quot;:&quot;&quot;,&quot;jet_parallax_layout_bg_y&quot;:50,&quot;jet_parallax_layout_bg_y_tablet&quot;:&quot;&quot;,&quot;jet_parallax_layout_bg_y_mobile&quot;:&quot;&quot;,&quot;jet_parallax_layout_bg_size&quot;:&quot;auto&quot;,&quot;jet_parallax_layout_bg_size_tablet&quot;:&quot;&quot;,&quot;jet_parallax_layout_bg_size_mobile&quot;:&quot;&quot;,&quot;jet_parallax_layout_animation_prop&quot;:&quot;transform&quot;,&quot;jet_parallax_layout_on&quot;:[&quot;desktop&quot;,&quot;tablet&quot;]}]}\">\n\t\t\t\t\t\t<div class=\"elementor-container elementor-column-gap-wide\">\n\t\t\t\t\t<div class=\"elementor-column elementor-col-100 elementor-top-column elementor-element elementor-element-152c5fb\" data-id=\"152c5fb\" data-element_type=\"column\" data-e-type=\"column\" data-settings=\"{&quot;background_background&quot;:&quot;classic&quot;}\">\n\t\t\t<div class=\"elementor-widget-wrap elementor-element-populated\">\n\t\t\t\t\t<div class=\"elementor-background-overlay\"><\/div>\n\t\t\t\t\t\t<div class=\"elementor-element elementor-element-994239c elementor-widget elementor-widget-text-editor\" data-id=\"994239c\" data-element_type=\"widget\" data-e-type=\"widget\" data-widget_type=\"text-editor.default\">\n\t\t\t\t<div class=\"elementor-widget-container\">\n\t\t\t\t\t\t\t\t\t<h2>Vous voulez go\u00fbter ?<\/h2>\n<p>Votre bouillon \u00e0 boire Fundo n\u2019est jamais bien loin. Vous trouverez nos bouillons d\u2019os dans de nombreux points de vente pr\u00e8s de chez vous et dans la boutique en ligne Fundo. Sant\u00e9\u2009!<\/p>\n\t\t\t\t\t\t\t\t<\/div>\n\t\t\t\t<\/div>\n\t\t\t\t<div class=\"elementor-element elementor-element-11101f3 elementor-align-right elementor-tablet-align-right elementor-mobile-align-center elementor-widget__width-initial elementor-widget-tablet__width-initial elementor-widget-mobile__width-inherit elementor-widget elementor-widget-button\" data-id=\"11101f3\" data-element_type=\"widget\" data-e-type=\"widget\" data-widget_type=\"button.default\">\n\t\t\t\t<div class=\"elementor-widget-container\">\n\t\t\t\t\t\t\t\t\t<div class=\"elementor-button-wrapper\">\n\t\t\t\t\t<a class=\"elementor-button elementor-button-link elementor-size-lg\" href=\"\/fr\/points-de-vente\/\">\n\t\t\t\t\t\t<span class=\"elementor-button-content-wrapper\">\n\t\t\t\t\t\t<span class=\"elementor-button-icon\">\n\t\t\t\t<i aria-hidden=\"true\" class=\"fas fa-shopping-cart\"><\/i>\t\t\t<\/span>\n\t\t\t\t\t\t\t\t\t<span class=\"elementor-button-text\">Achetez local<\/span>\n\t\t\t\t\t<\/span>\n\t\t\t\t\t<\/a>\n\t\t\t\t<\/div>\n\t\t\t\t\t\t\t\t<\/div>\n\t\t\t\t<\/div>\n\t\t\t\t<div class=\"elementor-element elementor-element-ef041cc elementor-align-left elementor-tablet-align-left elementor-mobile-align-center elementor-widget__width-initial elementor-widget-tablet__width-initial elementor-widget-mobile__width-inherit elementor-widget elementor-widget-button\" data-id=\"ef041cc\" data-element_type=\"widget\" data-e-type=\"widget\" data-widget_type=\"button.default\">\n\t\t\t\t<div class=\"elementor-widget-container\">\n\t\t\t\t\t\t\t\t\t<div class=\"elementor-button-wrapper\">\n\t\t\t\t\t<a class=\"elementor-button elementor-button-link elementor-size-lg\" href=\"https:\/\/fundoshop.be\/\" target=\"_blank\">\n\t\t\t\t\t\t<span class=\"elementor-button-content-wrapper\">\n\t\t\t\t\t\t<span class=\"elementor-button-icon\">\n\t\t\t\t<i aria-hidden=\"true\" class=\"fas fa-shopping-cart\"><\/i>\t\t\t<\/span>\n\t\t\t\t\t\t\t\t\t<span class=\"elementor-button-text\">Commandez en ligne<\/span>\n\t\t\t\t\t<\/span>\n\t\t\t\t\t<\/a>\n\t\t\t\t<\/div>\n\t\t\t\t\t\t\t\t<\/div>\n\t\t\t\t<\/div>\n\t\t\t\t\t<\/div>\n\t\t<\/div>\n\t\t\t\t\t<\/div>\n\t\t<\/section>\n\t\t\t\t<\/div>\n\t\t","protected":false},"excerpt":{"rendered":"<p>Vous voulez go\u00fbter ? Votre bouillon \u00e0 boire Fundo n\u2019est jamais bien loin. Vous trouverez nos bouillons d\u2019os dans de nombreux points de vente pr\u00e8s de chez vous et dans la boutique en ligne Fundo. Sant\u00e9\u2009! Achetez local Commandez en ligne<\/p>\n","protected":false},"author":1,"featured_media":0,"parent":5687,"menu_order":0,"comment_status":"closed","ping_status":"closed","template":"elementor_header_footer","meta":{"_acf_changed":false,"footnotes":""},"class_list":["post-5689","page","type-page","status-publish","hentry"],"acf":[],"yoast_head":"<!-- This site is optimized with the Yoast SEO Premium plugin v26.5 (Yoast SEO v27.5) - https:\/\/yoast.com\/product\/yoast-seo-premium-wordpress\/ -->\n<title>Bouillon de poulet pr\u00eat \u00e0 boire - Fundo<\/title>\n<meta name=\"robots\" content=\"index, follow, max-snippet:-1, max-image-preview:large, max-video-preview:-1\" \/>\n<link rel=\"canonical\" href=\"https:\/\/www.fundo.be\/fr\/bouillon-a-boire\/bouillon-de-poulet-pret-a-boire\/\" \/>\n<meta property=\"og:locale\" content=\"fr_FR\" \/>\n<meta property=\"og:type\" content=\"article\" \/>\n<meta property=\"og:title\" content=\"Bouillon de poulet pr\u00eat \u00e0 boire\" \/>\n<meta property=\"og:description\" content=\"Vous voulez go\u00fbter ? Votre bouillon \u00e0 boire Fundo n\u2019est jamais bien loin. Vous trouverez nos bouillons d\u2019os dans de nombreux points de vente pr\u00e8s de chez vous et dans la boutique en ligne Fundo. Sant\u00e9\u2009! Achetez local Commandez en ligne\" \/>\n<meta property=\"og:url\" content=\"https:\/\/www.fundo.be\/fr\/bouillon-a-boire\/bouillon-de-poulet-pret-a-boire\/\" \/>\n<meta property=\"og:site_name\" content=\"Fundo\" \/>\n<meta property=\"article:publisher\" content=\"https:\/\/www.facebook.com\/FundoQGC\/\" \/>\n<meta property=\"article:modified_time\" content=\"2021-12-24T11:14:26+00:00\" \/>\n<meta property=\"og:image\" content=\"https:\/\/www.fundo.be\/wp-content\/uploads\/2021\/09\/5430000423120_C1N1-512x1024.png\" \/>\n<meta name=\"twitter:card\" content=\"summary_large_image\" \/>\n<meta name=\"twitter:label1\" content=\"Dur\u00e9e de lecture estim\u00e9e\" \/>\n\t<meta name=\"twitter:data1\" content=\"2 minutes\" \/>\n<script type=\"application\/ld+json\" class=\"yoast-schema-graph\">{\"@context\":\"https:\\\/\\\/schema.org\",\"@graph\":[{\"@type\":\"WebPage\",\"@id\":\"https:\\\/\\\/www.fundo.be\\\/fr\\\/bouillon-a-boire\\\/bouillon-de-poulet-pret-a-boire\\\/\",\"url\":\"https:\\\/\\\/www.fundo.be\\\/fr\\\/bouillon-a-boire\\\/bouillon-de-poulet-pret-a-boire\\\/\",\"name\":\"Bouillon de poulet pr\u00eat \u00e0 boire - Fundo\",\"isPartOf\":{\"@id\":\"https:\\\/\\\/www.fundo.be\\\/fr\\\/#website\"},\"primaryImageOfPage\":{\"@id\":\"https:\\\/\\\/www.fundo.be\\\/fr\\\/bouillon-a-boire\\\/bouillon-de-poulet-pret-a-boire\\\/#primaryimage\"},\"image\":{\"@id\":\"https:\\\/\\\/www.fundo.be\\\/fr\\\/bouillon-a-boire\\\/bouillon-de-poulet-pret-a-boire\\\/#primaryimage\"},\"thumbnailUrl\":\"https:\\\/\\\/www.fundo.be\\\/wp-content\\\/uploads\\\/2021\\\/09\\\/5430000423120_C1N1-512x1024.png\",\"datePublished\":\"2021-11-16T16:53:02+00:00\",\"dateModified\":\"2021-12-24T11:14:26+00:00\",\"breadcrumb\":{\"@id\":\"https:\\\/\\\/www.fundo.be\\\/fr\\\/bouillon-a-boire\\\/bouillon-de-poulet-pret-a-boire\\\/#breadcrumb\"},\"inLanguage\":\"fr-FR\",\"potentialAction\":[{\"@type\":\"ReadAction\",\"target\":[\"https:\\\/\\\/www.fundo.be\\\/fr\\\/bouillon-a-boire\\\/bouillon-de-poulet-pret-a-boire\\\/\"]}]},{\"@type\":\"ImageObject\",\"inLanguage\":\"fr-FR\",\"@id\":\"https:\\\/\\\/www.fundo.be\\\/fr\\\/bouillon-a-boire\\\/bouillon-de-poulet-pret-a-boire\\\/#primaryimage\",\"url\":\"https:\\\/\\\/www.fundo.be\\\/wp-content\\\/uploads\\\/2021\\\/09\\\/5430000423120_C1N1-512x1024.png\",\"contentUrl\":\"https:\\\/\\\/www.fundo.be\\\/wp-content\\\/uploads\\\/2021\\\/09\\\/5430000423120_C1N1-512x1024.png\"},{\"@type\":\"BreadcrumbList\",\"@id\":\"https:\\\/\\\/www.fundo.be\\\/fr\\\/bouillon-a-boire\\\/bouillon-de-poulet-pret-a-boire\\\/#breadcrumb\",\"itemListElement\":[{\"@type\":\"ListItem\",\"position\":1,\"name\":\"Home\",\"item\":\"https:\\\/\\\/www.fundo.be\\\/fr\\\/\"},{\"@type\":\"ListItem\",\"position\":2,\"name\":\"Bouillon \u00e0 boire\",\"item\":\"https:\\\/\\\/www.fundo.be\\\/fr\\\/bouillon-a-boire\\\/\"},{\"@type\":\"ListItem\",\"position\":3,\"name\":\"Bouillon de poulet pr\u00eat \u00e0 boire\"}]},{\"@type\":\"WebSite\",\"@id\":\"https:\\\/\\\/www.fundo.be\\\/fr\\\/#website\",\"url\":\"https:\\\/\\\/www.fundo.be\\\/fr\\\/\",\"name\":\"Fundo\",\"description\":\"Fonds en bouillons\",\"publisher\":{\"@id\":\"https:\\\/\\\/www.fundo.be\\\/fr\\\/#organization\"},\"potentialAction\":[{\"@type\":\"SearchAction\",\"target\":{\"@type\":\"EntryPoint\",\"urlTemplate\":\"https:\\\/\\\/www.fundo.be\\\/fr\\\/?s={search_term_string}\"},\"query-input\":{\"@type\":\"PropertyValueSpecification\",\"valueRequired\":true,\"valueName\":\"search_term_string\"}}],\"inLanguage\":\"fr-FR\"},{\"@type\":\"Organization\",\"@id\":\"https:\\\/\\\/www.fundo.be\\\/fr\\\/#organization\",\"name\":\"Quality Gourmet Concepts\",\"url\":\"https:\\\/\\\/www.fundo.be\\\/fr\\\/\",\"logo\":{\"@type\":\"ImageObject\",\"inLanguage\":\"fr-FR\",\"@id\":\"https:\\\/\\\/www.fundo.be\\\/fr\\\/#\\\/schema\\\/logo\\\/image\\\/\",\"url\":\"https:\\\/\\\/www.fundo.be\\\/wp-content\\\/uploads\\\/2021\\\/09\\\/Logo-FUNDO_simple-baseline-brown.png\",\"contentUrl\":\"https:\\\/\\\/www.fundo.be\\\/wp-content\\\/uploads\\\/2021\\\/09\\\/Logo-FUNDO_simple-baseline-brown.png\",\"width\":488,\"height\":488,\"caption\":\"Quality Gourmet Concepts\"},\"image\":{\"@id\":\"https:\\\/\\\/www.fundo.be\\\/fr\\\/#\\\/schema\\\/logo\\\/image\\\/\"},\"sameAs\":[\"https:\\\/\\\/www.facebook.com\\\/FundoQGC\\\/\",\"https:\\\/\\\/www.instagram.com\\\/fundo_qgc\\\/\"]}]}<\/script>\n<!-- \/ Yoast SEO Premium plugin. -->","yoast_head_json":{"title":"Bouillon de poulet pr\u00eat \u00e0 boire - Fundo","robots":{"index":"index","follow":"follow","max-snippet":"max-snippet:-1","max-image-preview":"max-image-preview:large","max-video-preview":"max-video-preview:-1"},"canonical":"https:\/\/www.fundo.be\/fr\/bouillon-a-boire\/bouillon-de-poulet-pret-a-boire\/","og_locale":"fr_FR","og_type":"article","og_title":"Bouillon de poulet pr\u00eat \u00e0 boire","og_description":"Vous voulez go\u00fbter ? Votre bouillon \u00e0 boire Fundo n\u2019est jamais bien loin. Vous trouverez nos bouillons d\u2019os dans de nombreux points de vente pr\u00e8s de chez vous et dans la boutique en ligne Fundo. Sant\u00e9\u2009! Achetez local Commandez en ligne","og_url":"https:\/\/www.fundo.be\/fr\/bouillon-a-boire\/bouillon-de-poulet-pret-a-boire\/","og_site_name":"Fundo","article_publisher":"https:\/\/www.facebook.com\/FundoQGC\/","article_modified_time":"2021-12-24T11:14:26+00:00","og_image":[{"url":"https:\/\/www.fundo.be\/wp-content\/uploads\/2021\/09\/5430000423120_C1N1-512x1024.png","type":"","width":"","height":""}],"twitter_card":"summary_large_image","twitter_misc":{"Dur\u00e9e de lecture estim\u00e9e":"2 minutes"},"schema":{"@context":"https:\/\/schema.org","@graph":[{"@type":"WebPage","@id":"https:\/\/www.fundo.be\/fr\/bouillon-a-boire\/bouillon-de-poulet-pret-a-boire\/","url":"https:\/\/www.fundo.be\/fr\/bouillon-a-boire\/bouillon-de-poulet-pret-a-boire\/","name":"Bouillon de poulet pr\u00eat \u00e0 boire - Fundo","isPartOf":{"@id":"https:\/\/www.fundo.be\/fr\/#website"},"primaryImageOfPage":{"@id":"https:\/\/www.fundo.be\/fr\/bouillon-a-boire\/bouillon-de-poulet-pret-a-boire\/#primaryimage"},"image":{"@id":"https:\/\/www.fundo.be\/fr\/bouillon-a-boire\/bouillon-de-poulet-pret-a-boire\/#primaryimage"},"thumbnailUrl":"https:\/\/www.fundo.be\/wp-content\/uploads\/2021\/09\/5430000423120_C1N1-512x1024.png","datePublished":"2021-11-16T16:53:02+00:00","dateModified":"2021-12-24T11:14:26+00:00","breadcrumb":{"@id":"https:\/\/www.fundo.be\/fr\/bouillon-a-boire\/bouillon-de-poulet-pret-a-boire\/#breadcrumb"},"inLanguage":"fr-FR","potentialAction":[{"@type":"ReadAction","target":["https:\/\/www.fundo.be\/fr\/bouillon-a-boire\/bouillon-de-poulet-pret-a-boire\/"]}]},{"@type":"ImageObject","inLanguage":"fr-FR","@id":"https:\/\/www.fundo.be\/fr\/bouillon-a-boire\/bouillon-de-poulet-pret-a-boire\/#primaryimage","url":"https:\/\/www.fundo.be\/wp-content\/uploads\/2021\/09\/5430000423120_C1N1-512x1024.png","contentUrl":"https:\/\/www.fundo.be\/wp-content\/uploads\/2021\/09\/5430000423120_C1N1-512x1024.png"},{"@type":"BreadcrumbList","@id":"https:\/\/www.fundo.be\/fr\/bouillon-a-boire\/bouillon-de-poulet-pret-a-boire\/#breadcrumb","itemListElement":[{"@type":"ListItem","position":1,"name":"Home","item":"https:\/\/www.fundo.be\/fr\/"},{"@type":"ListItem","position":2,"name":"Bouillon \u00e0 boire","item":"https:\/\/www.fundo.be\/fr\/bouillon-a-boire\/"},{"@type":"ListItem","position":3,"name":"Bouillon de poulet pr\u00eat \u00e0 boire"}]},{"@type":"WebSite","@id":"https:\/\/www.fundo.be\/fr\/#website","url":"https:\/\/www.fundo.be\/fr\/","name":"Fundo","description":"Fonds en bouillons","publisher":{"@id":"https:\/\/www.fundo.be\/fr\/#organization"},"potentialAction":[{"@type":"SearchAction","target":{"@type":"EntryPoint","urlTemplate":"https:\/\/www.fundo.be\/fr\/?s={search_term_string}"},"query-input":{"@type":"PropertyValueSpecification","valueRequired":true,"valueName":"search_term_string"}}],"inLanguage":"fr-FR"},{"@type":"Organization","@id":"https:\/\/www.fundo.be\/fr\/#organization","name":"Quality Gourmet Concepts","url":"https:\/\/www.fundo.be\/fr\/","logo":{"@type":"ImageObject","inLanguage":"fr-FR","@id":"https:\/\/www.fundo.be\/fr\/#\/schema\/logo\/image\/","url":"https:\/\/www.fundo.be\/wp-content\/uploads\/2021\/09\/Logo-FUNDO_simple-baseline-brown.png","contentUrl":"https:\/\/www.fundo.be\/wp-content\/uploads\/2021\/09\/Logo-FUNDO_simple-baseline-brown.png","width":488,"height":488,"caption":"Quality Gourmet Concepts"},"image":{"@id":"https:\/\/www.fundo.be\/fr\/#\/schema\/logo\/image\/"},"sameAs":["https:\/\/www.facebook.com\/FundoQGC\/","https:\/\/www.instagram.com\/fundo_qgc\/"]}]}},"_links":{"self":[{"href":"https:\/\/www.fundo.be\/fr\/wp-json\/wp\/v2\/pages\/5689","targetHints":{"allow":["GET"]}}],"collection":[{"href":"https:\/\/www.fundo.be\/fr\/wp-json\/wp\/v2\/pages"}],"about":[{"href":"https:\/\/www.fundo.be\/fr\/wp-json\/wp\/v2\/types\/page"}],"author":[{"embeddable":true,"href":"https:\/\/www.fundo.be\/fr\/wp-json\/wp\/v2\/users\/1"}],"replies":[{"embeddable":true,"href":"https:\/\/www.fundo.be\/fr\/wp-json\/wp\/v2\/comments?post=5689"}],"version-history":[{"count":0,"href":"https:\/\/www.fundo.be\/fr\/wp-json\/wp\/v2\/pages\/5689\/revisions"}],"up":[{"embeddable":true,"href":"https:\/\/www.fundo.be\/fr\/wp-json\/wp\/v2\/pages\/5687"}],"wp:attachment":[{"href":"https:\/\/www.fundo.be\/fr\/wp-json\/wp\/v2\/media?parent=5689"}],"curies":[{"name":"wp","href":"https:\/\/api.w.org\/{rel}","templated":true}]}}